{"id":86,"date":"2020-10-29T11:39:36","date_gmt":"2020-10-29T11:39:36","guid":{"rendered":"http:\/\/89.166.51.80\/~kalatalouskeskus\/vahvaselan-osakaskunta\/?page_id=86"},"modified":"2025-05-11T17:46:16","modified_gmt":"2025-05-11T17:46:16","slug":"lupamaksut-ja-ohjeet","status":"publish","type":"page","link":"https:\/\/suonteenkalatalousalue.fi\/vahvaselan-osakaskunta\/luvat\/lupamaksut-ja-ohjeet\/","title":{"rendered":"Lupamaksut ja ohjeet"},"content":{"rendered":"\n<h2 class=\"wp-block-heading\"><strong>Lupamaksut ja ohjeet<\/strong><\/h2>\n\n\n\n<h4 class=\"wp-block-heading\">Lupahinnat ja ohjeet 2025<\/h4>\n\n\n\n<p>Osakaskunnan vuosikokouksen 27.4.2025 p\u00e4\u00e4t\u00f6ksen mukaan kaikki yksik\u00f6t ovat 4 euroa kappale.<\/p>\n\n\n\n<p>En\u00e4\u00e4n ei siis m\u00e4\u00e4ritell\u00e4 hintoja osakkaille, pienosakkaille ja osakaskuntaan kuulumattomille.<\/p>\n\n\n\n<p><\/p>\n\n\n\n<p>Yksikk\u00f6m\u00e4\u00e4riss\u00e4 ei varsinaista yl\u00e4rajaa, kunhan kalastus pysyy kotitarvekalastuksen piiriss\u00e4.<\/p>\n\n\n\n<p><strong>Maksaminen<\/strong><\/p>\n\n\n\n<div class=\"wp-block-columns is-layout-flex wp-container-core-columns-is-layout-9d6595d7 wp-block-columns-is-layout-flex\">\n<div class=\"wp-block-column is-layout-flow wp-block-column-is-layout-flow\">\n<p>Saajaksi :&nbsp;<\/p>\n\n\n\n<p>Tilinumero :<\/p>\n\n\n\n<p>Viestiosaan :&nbsp;<\/p>\n<\/div>\n\n\n\n<div class=\"wp-block-column is-layout-flow wp-block-column-is-layout-flow\">\n<p><strong>Vahvasel\u00e4n 1, 2 ja 5 osakaskunta<\/strong><\/p>\n\n\n\n<p><strong>FI 66 5054 0240 0237 66<\/strong><\/p>\n\n\n\n<p><strong>Kalastajan nimi ja maksettu yksikk\u00f6m\u00e4\u00e4r\u00e4<\/strong><\/p>\n\n\n\n<p>esim.&nbsp;<em>Kalle Kalastajan lupa 6 yksikk\u00f6\u00e4 2020<\/em><\/p>\n<\/div>\n<\/div>\n\n\n\n<p>N\u00e4m\u00e4 lupahinnat voimassa niin kauan kun uusi hinta ilmoitetaan.<\/p>\n\n\n\n<p>Viestiosassa tulee olla sama nimi kuin pyydyssalossa tai kohossa, ettei valvonnassa tule ep\u00e4selvyyksi\u00e4.<\/p>\n\n\n\n<p>Viitenumeroa ei n\u00e4in ollen k\u00e4ytet\u00e4.<\/p>\n\n\n\n<p>Pankkiin suoraan maksamisesta on tullut yleisempi luvan lunastusmuoto. Vuonna 2024 pankkiin tuli suorituksia  70 kertaa ja paikan p\u00e4\u00e4ll\u00e4 k\u00e4vi 7 luvan hakijaa.<\/p>\n\n\n\n<p>Paikanp\u00e4\u00e4ll\u00e4 lupia myy Jukka Manninen.<\/p>\n\n\n\n<p>Kyselyt ja tiedustelut&nbsp;<a href=\"http:\/\/89.166.51.80\/~kalatalouskeskus\/vahvaselan-osakaskunta\/tiedot\/\">Jukka Manninen<\/a>&nbsp;puh. 0400-285 423<\/p>\n","protected":false},"excerpt":{"rendered":"<p>Lupamaksut ja ohjeet Lupahinnat ja ohjeet 2025 Osakaskunnan vuosikokouksen 27.4.2025 p\u00e4\u00e4t\u00f6ksen mukaan kaikki yksik\u00f6t ovat 4 euroa kappale. En\u00e4\u00e4n ei siis m\u00e4\u00e4ritell\u00e4 hintoja osakkaille, pienosakkaille ja osakaskuntaan kuulumattomille. Yksikk\u00f6m\u00e4\u00e4riss\u00e4 ei varsinaista yl\u00e4rajaa, kunhan kalastus pysyy kotitarvekalastuksen piiriss\u00e4. Maksaminen Saajaksi :&nbsp; Tilinumero : Viestiosaan :&nbsp; Vahvasel\u00e4n 1, 2 ja 5 osakaskunta FI 66 5054 0240 0237<\/p>\n<p><a class=\"moretag\" href=\"https:\/\/suonteenkalatalousalue.fi\/vahvaselan-osakaskunta\/luvat\/lupamaksut-ja-ohjeet\/\"> Lue lis\u00e4\u00e4 ><\/a><\/p>\n","protected":false},"author":1,"featured_media":0,"parent":45,"menu_order":0,"comment_status":"closed","ping_status":"closed","template":"basic-sivu.php","meta":{"_acf_changed":false,"footnotes":""},"class_list":["post-86","page","type-page","status-publish","hentry"],"acf":[],"yoast_head":"<!-- This site is optimized with the Yoast SEO plugin v27.1.1 - https:\/\/yoast.com\/product\/yoast-seo-wordpress\/ -->\n<title>Lupamaksut ja ohjeet - Vahvasel\u00e4n osakaskunta<\/title>\n<meta name=\"robots\" content=\"index, follow, max-snippet:-1, max-image-preview:large, max-video-preview:-1\" \/>\n<link rel=\"canonical\" href=\"https:\/\/suonteenkalatalousalue.fi\/vahvaselan-osakaskunta\/luvat\/lupamaksut-ja-ohjeet\/\" \/>\n<meta property=\"og:locale\" content=\"fi_FI\" \/>\n<meta property=\"og:type\" content=\"article\" \/>\n<meta property=\"og:title\" content=\"Lupamaksut ja ohjeet - Vahvasel\u00e4n osakaskunta\" \/>\n<meta property=\"og:description\" content=\"Lupamaksut ja ohjeet Lupahinnat ja ohjeet 2025 Osakaskunnan vuosikokouksen 27.4.2025 p\u00e4\u00e4t\u00f6ksen mukaan kaikki yksik\u00f6t ovat 4 euroa kappale. En\u00e4\u00e4n ei siis m\u00e4\u00e4ritell\u00e4 hintoja osakkaille, pienosakkaille ja osakaskuntaan kuulumattomille. Yksikk\u00f6m\u00e4\u00e4riss\u00e4 ei varsinaista yl\u00e4rajaa, kunhan kalastus pysyy kotitarvekalastuksen piiriss\u00e4. Maksaminen Saajaksi :&nbsp; Tilinumero : Viestiosaan :&nbsp; Vahvasel\u00e4n 1, 2 ja 5 osakaskunta FI 66 5054 0240 0237 Lue lis\u00e4\u00e4 &gt;\" \/>\n<meta property=\"og:url\" content=\"https:\/\/suonteenkalatalousalue.fi\/vahvaselan-osakaskunta\/luvat\/lupamaksut-ja-ohjeet\/\" \/>\n<meta property=\"og:site_name\" content=\"Vahvasel\u00e4n osakaskunta\" \/>\n<meta property=\"article:modified_time\" content=\"2025-05-11T17:46:16+00:00\" \/>\n<meta name=\"twitter:card\" content=\"summary_large_image\" \/>\n<meta name=\"twitter:label1\" content=\"Arvioitu lukuaika\" \/>\n\t<meta name=\"twitter:data1\" content=\"1 minuutti\" \/>\n<script type=\"application\/ld+json\" class=\"yoast-schema-graph\">{\"@context\":\"https:\/\/schema.org\",\"@graph\":[{\"@type\":\"WebPage\",\"@id\":\"https:\/\/suonteenkalatalousalue.fi\/vahvaselan-osakaskunta\/luvat\/lupamaksut-ja-ohjeet\/\",\"url\":\"https:\/\/suonteenkalatalousalue.fi\/vahvaselan-osakaskunta\/luvat\/lupamaksut-ja-ohjeet\/\",\"name\":\"Lupamaksut ja ohjeet - Vahvasel\u00e4n osakaskunta\",\"isPartOf\":{\"@id\":\"https:\/\/suonteenkalatalousalue.fi\/vahvaselan-osakaskunta\/#website\"},\"datePublished\":\"2020-10-29T11:39:36+00:00\",\"dateModified\":\"2025-05-11T17:46:16+00:00\",\"breadcrumb\":{\"@id\":\"https:\/\/suonteenkalatalousalue.fi\/vahvaselan-osakaskunta\/luvat\/lupamaksut-ja-ohjeet\/#breadcrumb\"},\"inLanguage\":\"fi\",\"potentialAction\":[{\"@type\":\"ReadAction\",\"target\":[\"https:\/\/suonteenkalatalousalue.fi\/vahvaselan-osakaskunta\/luvat\/lupamaksut-ja-ohjeet\/\"]}]},{\"@type\":\"BreadcrumbList\",\"@id\":\"https:\/\/suonteenkalatalousalue.fi\/vahvaselan-osakaskunta\/luvat\/lupamaksut-ja-ohjeet\/#breadcrumb\",\"itemListElement\":[{\"@type\":\"ListItem\",\"position\":1,\"name\":\"Home\",\"item\":\"https:\/\/suonteenkalatalousalue.fi\/vahvaselan-osakaskunta\/\"},{\"@type\":\"ListItem\",\"position\":2,\"name\":\"Yksityinen: Luvat\",\"item\":\"https:\/\/suonteenkalatalousalue.fi\/vahvaselan-osakaskunta\/?page_id=45\"},{\"@type\":\"ListItem\",\"position\":3,\"name\":\"Lupamaksut ja ohjeet\"}]},{\"@type\":\"WebSite\",\"@id\":\"https:\/\/suonteenkalatalousalue.fi\/vahvaselan-osakaskunta\/#website\",\"url\":\"https:\/\/suonteenkalatalousalue.fi\/vahvaselan-osakaskunta\/\",\"name\":\"Vahvasel\u00e4n osakaskunta\",\"description\":\"\",\"potentialAction\":[{\"@type\":\"SearchAction\",\"target\":{\"@type\":\"EntryPoint\",\"urlTemplate\":\"https:\/\/suonteenkalatalousalue.fi\/vahvaselan-osakaskunta\/?s={search_term_string}\"},\"query-input\":{\"@type\":\"PropertyValueSpecification\",\"valueRequired\":true,\"valueName\":\"search_term_string\"}}],\"inLanguage\":\"fi\"}]}<\/script>\n<!-- \/ Yoast SEO plugin. -->","yoast_head_json":{"title":"Lupamaksut ja ohjeet - Vahvasel\u00e4n osakaskunta","robots":{"index":"index","follow":"follow","max-snippet":"max-snippet:-1","max-image-preview":"max-image-preview:large","max-video-preview":"max-video-preview:-1"},"canonical":"https:\/\/suonteenkalatalousalue.fi\/vahvaselan-osakaskunta\/luvat\/lupamaksut-ja-ohjeet\/","og_locale":"fi_FI","og_type":"article","og_title":"Lupamaksut ja ohjeet - Vahvasel\u00e4n osakaskunta","og_description":"Lupamaksut ja ohjeet Lupahinnat ja ohjeet 2025 Osakaskunnan vuosikokouksen 27.4.2025 p\u00e4\u00e4t\u00f6ksen mukaan kaikki yksik\u00f6t ovat 4 euroa kappale. En\u00e4\u00e4n ei siis m\u00e4\u00e4ritell\u00e4 hintoja osakkaille, pienosakkaille ja osakaskuntaan kuulumattomille. Yksikk\u00f6m\u00e4\u00e4riss\u00e4 ei varsinaista yl\u00e4rajaa, kunhan kalastus pysyy kotitarvekalastuksen piiriss\u00e4. Maksaminen Saajaksi :&nbsp; Tilinumero : Viestiosaan :&nbsp; Vahvasel\u00e4n 1, 2 ja 5 osakaskunta FI 66 5054 0240 0237 Lue lis\u00e4\u00e4 >","og_url":"https:\/\/suonteenkalatalousalue.fi\/vahvaselan-osakaskunta\/luvat\/lupamaksut-ja-ohjeet\/","og_site_name":"Vahvasel\u00e4n osakaskunta","article_modified_time":"2025-05-11T17:46:16+00:00","twitter_card":"summary_large_image","twitter_misc":{"Arvioitu lukuaika":"1 minuutti"},"schema":{"@context":"https:\/\/schema.org","@graph":[{"@type":"WebPage","@id":"https:\/\/suonteenkalatalousalue.fi\/vahvaselan-osakaskunta\/luvat\/lupamaksut-ja-ohjeet\/","url":"https:\/\/suonteenkalatalousalue.fi\/vahvaselan-osakaskunta\/luvat\/lupamaksut-ja-ohjeet\/","name":"Lupamaksut ja ohjeet - Vahvasel\u00e4n osakaskunta","isPartOf":{"@id":"https:\/\/suonteenkalatalousalue.fi\/vahvaselan-osakaskunta\/#website"},"datePublished":"2020-10-29T11:39:36+00:00","dateModified":"2025-05-11T17:46:16+00:00","breadcrumb":{"@id":"https:\/\/suonteenkalatalousalue.fi\/vahvaselan-osakaskunta\/luvat\/lupamaksut-ja-ohjeet\/#breadcrumb"},"inLanguage":"fi","potentialAction":[{"@type":"ReadAction","target":["https:\/\/suonteenkalatalousalue.fi\/vahvaselan-osakaskunta\/luvat\/lupamaksut-ja-ohjeet\/"]}]},{"@type":"BreadcrumbList","@id":"https:\/\/suonteenkalatalousalue.fi\/vahvaselan-osakaskunta\/luvat\/lupamaksut-ja-ohjeet\/#breadcrumb","itemListElement":[{"@type":"ListItem","position":1,"name":"Home","item":"https:\/\/suonteenkalatalousalue.fi\/vahvaselan-osakaskunta\/"},{"@type":"ListItem","position":2,"name":"Yksityinen: Luvat","item":"https:\/\/suonteenkalatalousalue.fi\/vahvaselan-osakaskunta\/?page_id=45"},{"@type":"ListItem","position":3,"name":"Lupamaksut ja ohjeet"}]},{"@type":"WebSite","@id":"https:\/\/suonteenkalatalousalue.fi\/vahvaselan-osakaskunta\/#website","url":"https:\/\/suonteenkalatalousalue.fi\/vahvaselan-osakaskunta\/","name":"Vahvasel\u00e4n osakaskunta","description":"","potentialAction":[{"@type":"SearchAction","target":{"@type":"EntryPoint","urlTemplate":"https:\/\/suonteenkalatalousalue.fi\/vahvaselan-osakaskunta\/?s={search_term_string}"},"query-input":{"@type":"PropertyValueSpecification","valueRequired":true,"valueName":"search_term_string"}}],"inLanguage":"fi"}]}},"_links":{"self":[{"href":"https:\/\/suonteenkalatalousalue.fi\/vahvaselan-osakaskunta\/wp-json\/wp\/v2\/pages\/86","targetHints":{"allow":["GET"]}}],"collection":[{"href":"https:\/\/suonteenkalatalousalue.fi\/vahvaselan-osakaskunta\/wp-json\/wp\/v2\/pages"}],"about":[{"href":"https:\/\/suonteenkalatalousalue.fi\/vahvaselan-osakaskunta\/wp-json\/wp\/v2\/types\/page"}],"author":[{"embeddable":true,"href":"https:\/\/suonteenkalatalousalue.fi\/vahvaselan-osakaskunta\/wp-json\/wp\/v2\/users\/1"}],"replies":[{"embeddable":true,"href":"https:\/\/suonteenkalatalousalue.fi\/vahvaselan-osakaskunta\/wp-json\/wp\/v2\/comments?post=86"}],"version-history":[{"count":10,"href":"https:\/\/suonteenkalatalousalue.fi\/vahvaselan-osakaskunta\/wp-json\/wp\/v2\/pages\/86\/revisions"}],"predecessor-version":[{"id":308,"href":"https:\/\/suonteenkalatalousalue.fi\/vahvaselan-osakaskunta\/wp-json\/wp\/v2\/pages\/86\/revisions\/308"}],"up":[{"embeddable":true,"href":"https:\/\/suonteenkalatalousalue.fi\/vahvaselan-osakaskunta\/wp-json\/wp\/v2\/pages\/45"}],"wp:attachment":[{"href":"https:\/\/suonteenkalatalousalue.fi\/vahvaselan-osakaskunta\/wp-json\/wp\/v2\/media?parent=86"}],"curies":[{"name":"wp","href":"https:\/\/api.w.org\/{rel}","templated":true}]}}