{"id":26,"date":"2020-10-29T08:31:59","date_gmt":"2020-10-29T08:31:59","guid":{"rendered":"http:\/\/89.166.51.80\/~kalatalouskeskus\/ruorasmaen-osakaskunta\/?page_id=26"},"modified":"2023-04-24T10:11:43","modified_gmt":"2023-04-24T10:11:43","slug":"tiedot","status":"publish","type":"page","link":"https:\/\/suonteenkalatalousalue.fi\/ruorasmaen-osakaskunta\/tiedot\/","title":{"rendered":"Tiedot"},"content":{"rendered":"\n<h2 class=\"wp-block-heading\">Yhteystiedot<\/h2>\n\n\n\n<div class=\"wp-block-columns is-layout-flex wp-container-core-columns-is-layout-9d6595d7 wp-block-columns-is-layout-flex\">\n<div class=\"wp-block-column is-layout-flow wp-block-column-is-layout-flow\">\n<p>Puheenjohtaja:<br>Esko Kilpinen<br>Taikinanjoentie 132<br>19460 RUORASM\u00c4KI<br>Puh. 040-5965495<br>esko.kilpinen(a)riuvakka.net<\/p>\n<\/div>\n\n\n\n<div class=\"wp-block-column is-layout-flow wp-block-column-is-layout-flow\">\n<p>Varapuheenjohtaja:<br>Kalevi Lehtonen<br>Kylv\u00f6tie 17<br>15860 HOLLOLA<br>Puh. 0400-840583<br>kalevi.lehtonen53(a)suomi24.fi<\/p>\n<\/div>\n<\/div>\n\n\n\n<h2 class=\"wp-block-heading\">Sijainti<\/h2>\n\n\n\n<figure class=\"wp-block-image size-large\"><img loading=\"lazy\" decoding=\"async\" width=\"1024\" height=\"724\" src=\"https:\/\/suonteenkalatalousalue.fi\/ruorasmaen-osakaskunta\/wp-content\/uploads\/sites\/24\/2023\/04\/ruorasmaen-ok-1024x724.png\" alt=\"\" class=\"wp-image-266\" srcset=\"https:\/\/suonteenkalatalousalue.fi\/ruorasmaen-osakaskunta\/wp-content\/uploads\/sites\/24\/2023\/04\/ruorasmaen-ok-1024x724.png 1024w, https:\/\/suonteenkalatalousalue.fi\/ruorasmaen-osakaskunta\/wp-content\/uploads\/sites\/24\/2023\/04\/ruorasmaen-ok-300x212.png 300w, https:\/\/suonteenkalatalousalue.fi\/ruorasmaen-osakaskunta\/wp-content\/uploads\/sites\/24\/2023\/04\/ruorasmaen-ok-768x543.png 768w, https:\/\/suonteenkalatalousalue.fi\/ruorasmaen-osakaskunta\/wp-content\/uploads\/sites\/24\/2023\/04\/ruorasmaen-ok-1536x1086.png 1536w, https:\/\/suonteenkalatalousalue.fi\/ruorasmaen-osakaskunta\/wp-content\/uploads\/sites\/24\/2023\/04\/ruorasmaen-ok-2048x1448.png 2048w\" sizes=\"auto, (max-width: 1024px) 100vw, 1024px\" \/><\/figure>\n","protected":false},"excerpt":{"rendered":"<p>Yhteystiedot Puheenjohtaja:Esko KilpinenTaikinanjoentie 13219460 RUORASM\u00c4KIPuh. 040-5965495esko.kilpinen(a)riuvakka.net Varapuheenjohtaja:Kalevi LehtonenKylv\u00f6tie 1715860 HOLLOLAPuh. 0400-840583kalevi.lehtonen53(a)suomi24.fi Sijainti<\/p>\n","protected":false},"author":1,"featured_media":0,"parent":0,"menu_order":0,"comment_status":"closed","ping_status":"closed","template":"basic-sivu.php","meta":{"_acf_changed":false,"footnotes":""},"class_list":["post-26","page","type-page","status-publish","hentry"],"acf":[],"yoast_head":"<!-- This site is optimized with the Yoast SEO plugin v27.1.1 - https:\/\/yoast.com\/product\/yoast-seo-wordpress\/ -->\n<title>Tiedot - Ruorasm\u00e4en osakaskunta<\/title>\n<meta name=\"robots\" content=\"index, follow, max-snippet:-1, max-image-preview:large, max-video-preview:-1\" \/>\n<link rel=\"canonical\" href=\"https:\/\/suonteenkalatalousalue.fi\/ruorasmaen-osakaskunta\/tiedot\/\" \/>\n<meta property=\"og:locale\" content=\"fi_FI\" \/>\n<meta property=\"og:type\" content=\"article\" \/>\n<meta property=\"og:title\" content=\"Tiedot - Ruorasm\u00e4en osakaskunta\" \/>\n<meta property=\"og:description\" content=\"Yhteystiedot Puheenjohtaja:Esko KilpinenTaikinanjoentie 13219460 RUORASM\u00c4KIPuh. 040-5965495esko.kilpinen(a)riuvakka.net Varapuheenjohtaja:Kalevi LehtonenKylv\u00f6tie 1715860 HOLLOLAPuh. 0400-840583kalevi.lehtonen53(a)suomi24.fi Sijainti\" \/>\n<meta property=\"og:url\" content=\"https:\/\/suonteenkalatalousalue.fi\/ruorasmaen-osakaskunta\/tiedot\/\" \/>\n<meta property=\"og:site_name\" content=\"Ruorasm\u00e4en osakaskunta\" \/>\n<meta property=\"article:modified_time\" content=\"2023-04-24T10:11:43+00:00\" \/>\n<meta property=\"og:image\" content=\"https:\/\/suonteenkalatalousalue.fi\/ruorasmaen-osakaskunta\/wp-content\/uploads\/sites\/24\/2023\/04\/ruorasmaen-ok-1024x724.png\" \/>\n<meta name=\"twitter:card\" content=\"summary_large_image\" \/>\n<meta name=\"twitter:label1\" content=\"Arvioitu lukuaika\" \/>\n\t<meta name=\"twitter:data1\" content=\"1 minuutti\" \/>\n<script type=\"application\/ld+json\" class=\"yoast-schema-graph\">{\"@context\":\"https:\/\/schema.org\",\"@graph\":[{\"@type\":\"WebPage\",\"@id\":\"https:\/\/suonteenkalatalousalue.fi\/ruorasmaen-osakaskunta\/tiedot\/\",\"url\":\"https:\/\/suonteenkalatalousalue.fi\/ruorasmaen-osakaskunta\/tiedot\/\",\"name\":\"Tiedot - Ruorasm\u00e4en osakaskunta\",\"isPartOf\":{\"@id\":\"https:\/\/suonteenkalatalousalue.fi\/ruorasmaen-osakaskunta\/#website\"},\"primaryImageOfPage\":{\"@id\":\"https:\/\/suonteenkalatalousalue.fi\/ruorasmaen-osakaskunta\/tiedot\/#primaryimage\"},\"image\":{\"@id\":\"https:\/\/suonteenkalatalousalue.fi\/ruorasmaen-osakaskunta\/tiedot\/#primaryimage\"},\"thumbnailUrl\":\"https:\/\/suonteenkalatalousalue.fi\/ruorasmaen-osakaskunta\/wp-content\/uploads\/sites\/24\/2023\/04\/ruorasmaen-ok-1024x724.png\",\"datePublished\":\"2020-10-29T08:31:59+00:00\",\"dateModified\":\"2023-04-24T10:11:43+00:00\",\"breadcrumb\":{\"@id\":\"https:\/\/suonteenkalatalousalue.fi\/ruorasmaen-osakaskunta\/tiedot\/#breadcrumb\"},\"inLanguage\":\"fi\",\"potentialAction\":[{\"@type\":\"ReadAction\",\"target\":[\"https:\/\/suonteenkalatalousalue.fi\/ruorasmaen-osakaskunta\/tiedot\/\"]}]},{\"@type\":\"ImageObject\",\"inLanguage\":\"fi\",\"@id\":\"https:\/\/suonteenkalatalousalue.fi\/ruorasmaen-osakaskunta\/tiedot\/#primaryimage\",\"url\":\"https:\/\/suonteenkalatalousalue.fi\/ruorasmaen-osakaskunta\/wp-content\/uploads\/sites\/24\/2023\/04\/ruorasmaen-ok.png\",\"contentUrl\":\"https:\/\/suonteenkalatalousalue.fi\/ruorasmaen-osakaskunta\/wp-content\/uploads\/sites\/24\/2023\/04\/ruorasmaen-ok.png\",\"width\":7015,\"height\":4960},{\"@type\":\"BreadcrumbList\",\"@id\":\"https:\/\/suonteenkalatalousalue.fi\/ruorasmaen-osakaskunta\/tiedot\/#breadcrumb\",\"itemListElement\":[{\"@type\":\"ListItem\",\"position\":1,\"name\":\"Home\",\"item\":\"https:\/\/suonteenkalatalousalue.fi\/ruorasmaen-osakaskunta\/\"},{\"@type\":\"ListItem\",\"position\":2,\"name\":\"Tiedot\"}]},{\"@type\":\"WebSite\",\"@id\":\"https:\/\/suonteenkalatalousalue.fi\/ruorasmaen-osakaskunta\/#website\",\"url\":\"https:\/\/suonteenkalatalousalue.fi\/ruorasmaen-osakaskunta\/\",\"name\":\"Ruorasm\u00e4en osakaskunta\",\"description\":\"\",\"potentialAction\":[{\"@type\":\"SearchAction\",\"target\":{\"@type\":\"EntryPoint\",\"urlTemplate\":\"https:\/\/suonteenkalatalousalue.fi\/ruorasmaen-osakaskunta\/?s={search_term_string}\"},\"query-input\":{\"@type\":\"PropertyValueSpecification\",\"valueRequired\":true,\"valueName\":\"search_term_string\"}}],\"inLanguage\":\"fi\"}]}<\/script>\n<!-- \/ Yoast SEO plugin. -->","yoast_head_json":{"title":"Tiedot - Ruorasm\u00e4en osakaskunta","robots":{"index":"index","follow":"follow","max-snippet":"max-snippet:-1","max-image-preview":"max-image-preview:large","max-video-preview":"max-video-preview:-1"},"canonical":"https:\/\/suonteenkalatalousalue.fi\/ruorasmaen-osakaskunta\/tiedot\/","og_locale":"fi_FI","og_type":"article","og_title":"Tiedot - Ruorasm\u00e4en osakaskunta","og_description":"Yhteystiedot Puheenjohtaja:Esko KilpinenTaikinanjoentie 13219460 RUORASM\u00c4KIPuh. 040-5965495esko.kilpinen(a)riuvakka.net Varapuheenjohtaja:Kalevi LehtonenKylv\u00f6tie 1715860 HOLLOLAPuh. 0400-840583kalevi.lehtonen53(a)suomi24.fi Sijainti","og_url":"https:\/\/suonteenkalatalousalue.fi\/ruorasmaen-osakaskunta\/tiedot\/","og_site_name":"Ruorasm\u00e4en osakaskunta","article_modified_time":"2023-04-24T10:11:43+00:00","og_image":[{"url":"https:\/\/suonteenkalatalousalue.fi\/ruorasmaen-osakaskunta\/wp-content\/uploads\/sites\/24\/2023\/04\/ruorasmaen-ok-1024x724.png","type":"","width":"","height":""}],"twitter_card":"summary_large_image","twitter_misc":{"Arvioitu lukuaika":"1 minuutti"},"schema":{"@context":"https:\/\/schema.org","@graph":[{"@type":"WebPage","@id":"https:\/\/suonteenkalatalousalue.fi\/ruorasmaen-osakaskunta\/tiedot\/","url":"https:\/\/suonteenkalatalousalue.fi\/ruorasmaen-osakaskunta\/tiedot\/","name":"Tiedot - Ruorasm\u00e4en osakaskunta","isPartOf":{"@id":"https:\/\/suonteenkalatalousalue.fi\/ruorasmaen-osakaskunta\/#website"},"primaryImageOfPage":{"@id":"https:\/\/suonteenkalatalousalue.fi\/ruorasmaen-osakaskunta\/tiedot\/#primaryimage"},"image":{"@id":"https:\/\/suonteenkalatalousalue.fi\/ruorasmaen-osakaskunta\/tiedot\/#primaryimage"},"thumbnailUrl":"https:\/\/suonteenkalatalousalue.fi\/ruorasmaen-osakaskunta\/wp-content\/uploads\/sites\/24\/2023\/04\/ruorasmaen-ok-1024x724.png","datePublished":"2020-10-29T08:31:59+00:00","dateModified":"2023-04-24T10:11:43+00:00","breadcrumb":{"@id":"https:\/\/suonteenkalatalousalue.fi\/ruorasmaen-osakaskunta\/tiedot\/#breadcrumb"},"inLanguage":"fi","potentialAction":[{"@type":"ReadAction","target":["https:\/\/suonteenkalatalousalue.fi\/ruorasmaen-osakaskunta\/tiedot\/"]}]},{"@type":"ImageObject","inLanguage":"fi","@id":"https:\/\/suonteenkalatalousalue.fi\/ruorasmaen-osakaskunta\/tiedot\/#primaryimage","url":"https:\/\/suonteenkalatalousalue.fi\/ruorasmaen-osakaskunta\/wp-content\/uploads\/sites\/24\/2023\/04\/ruorasmaen-ok.png","contentUrl":"https:\/\/suonteenkalatalousalue.fi\/ruorasmaen-osakaskunta\/wp-content\/uploads\/sites\/24\/2023\/04\/ruorasmaen-ok.png","width":7015,"height":4960},{"@type":"BreadcrumbList","@id":"https:\/\/suonteenkalatalousalue.fi\/ruorasmaen-osakaskunta\/tiedot\/#breadcrumb","itemListElement":[{"@type":"ListItem","position":1,"name":"Home","item":"https:\/\/suonteenkalatalousalue.fi\/ruorasmaen-osakaskunta\/"},{"@type":"ListItem","position":2,"name":"Tiedot"}]},{"@type":"WebSite","@id":"https:\/\/suonteenkalatalousalue.fi\/ruorasmaen-osakaskunta\/#website","url":"https:\/\/suonteenkalatalousalue.fi\/ruorasmaen-osakaskunta\/","name":"Ruorasm\u00e4en osakaskunta","description":"","potentialAction":[{"@type":"SearchAction","target":{"@type":"EntryPoint","urlTemplate":"https:\/\/suonteenkalatalousalue.fi\/ruorasmaen-osakaskunta\/?s={search_term_string}"},"query-input":{"@type":"PropertyValueSpecification","valueRequired":true,"valueName":"search_term_string"}}],"inLanguage":"fi"}]}},"_links":{"self":[{"href":"https:\/\/suonteenkalatalousalue.fi\/ruorasmaen-osakaskunta\/wp-json\/wp\/v2\/pages\/26","targetHints":{"allow":["GET"]}}],"collection":[{"href":"https:\/\/suonteenkalatalousalue.fi\/ruorasmaen-osakaskunta\/wp-json\/wp\/v2\/pages"}],"about":[{"href":"https:\/\/suonteenkalatalousalue.fi\/ruorasmaen-osakaskunta\/wp-json\/wp\/v2\/types\/page"}],"author":[{"embeddable":true,"href":"https:\/\/suonteenkalatalousalue.fi\/ruorasmaen-osakaskunta\/wp-json\/wp\/v2\/users\/1"}],"replies":[{"embeddable":true,"href":"https:\/\/suonteenkalatalousalue.fi\/ruorasmaen-osakaskunta\/wp-json\/wp\/v2\/comments?post=26"}],"version-history":[{"count":23,"href":"https:\/\/suonteenkalatalousalue.fi\/ruorasmaen-osakaskunta\/wp-json\/wp\/v2\/pages\/26\/revisions"}],"predecessor-version":[{"id":267,"href":"https:\/\/suonteenkalatalousalue.fi\/ruorasmaen-osakaskunta\/wp-json\/wp\/v2\/pages\/26\/revisions\/267"}],"wp:attachment":[{"href":"https:\/\/suonteenkalatalousalue.fi\/ruorasmaen-osakaskunta\/wp-json\/wp\/v2\/media?parent=26"}],"curies":[{"name":"wp","href":"https:\/\/api.w.org\/{rel}","templated":true}]}}